{"id":445,"date":"2021-11-22T16:33:24","date_gmt":"2021-11-22T16:33:24","guid":{"rendered":"https:\/\/www.kauneushoitolamerenneito.fi\/?page_id=445"},"modified":"2026-03-09T20:44:52","modified_gmt":"2026-03-09T20:44:52","slug":"sokeroinnit","status":"publish","type":"page","link":"https:\/\/www.kauneushoitolamerenneito.fi\/index.php\/palvelut\/sokeroinnit\/","title":{"rendered":"Sokeroinnit"},"content":{"rendered":"\t\t<div data-elementor-type=\"wp-page\" data-elementor-id=\"445\" class=\"elementor elementor-445\">\n\t\t\t\t\t\t<section class=\"elementor-section elementor-top-section elementor-element elementor-element-8cd05ab elementor-section-boxed elementor-section-height-default elementor-section-height-default\" data-id=\"8cd05ab\" data-element_type=\"section\" data-e-type=\"section\">\n\t\t\t\t\t\t<div class=\"elementor-container elementor-column-gap-default\">\n\t\t\t\t\t<div class=\"elementor-column elementor-col-100 elementor-top-column elementor-element elementor-element-ee8e492\" data-id=\"ee8e492\" data-element_type=\"column\" data-e-type=\"column\">\n\t\t\t<div class=\"elementor-widget-wrap elementor-element-populated\">\n\t\t\t\t\t\t<div class=\"elementor-element elementor-element-5561bc9 elementor-widget elementor-widget-heading\" data-id=\"5561bc9\" data-element_type=\"widget\" data-e-type=\"widget\" data-widget_type=\"heading.default\">\n\t\t\t\t\t<h2 class=\"elementor-heading-title elementor-size-default\">sokeroinnit<\/h2>\t\t\t\t<\/div>\n\t\t\t\t<div class=\"elementor-element elementor-element-e5789cb elementor-widget-divider--view-line elementor-widget elementor-widget-divider\" data-id=\"e5789cb\" data-element_type=\"widget\" data-e-type=\"widget\" data-widget_type=\"divider.default\">\n\t\t\t\t\t\t\t<div class=\"elementor-divider\">\n\t\t\t<span class=\"elementor-divider-separator\">\n\t\t\t\t\t\t<\/span>\n\t\t<\/div>\n\t\t\t\t\t\t<\/div>\n\t\t\t\t\t<\/div>\n\t\t<\/div>\n\t\t\t\t\t<\/div>\n\t\t<\/section>\n\t\t\t\t<section class=\"elementor-section elementor-top-section elementor-element elementor-element-d61af8c elementor-section-boxed elementor-section-height-default elementor-section-height-default\" data-id=\"d61af8c\" data-element_type=\"section\" data-e-type=\"section\">\n\t\t\t\t\t\t<div class=\"elementor-container elementor-column-gap-default\">\n\t\t\t\t\t<div class=\"elementor-column elementor-col-50 elementor-top-column elementor-element elementor-element-623ef2b\" data-id=\"623ef2b\" data-element_type=\"column\" data-e-type=\"column\">\n\t\t\t<div class=\"elementor-widget-wrap elementor-element-populated\">\n\t\t\t\t\t\t<div class=\"elementor-element elementor-element-cbccae8 elementor-widget elementor-widget-text-editor\" data-id=\"cbccae8\" data-element_type=\"widget\" data-e-type=\"widget\" data-widget_type=\"text-editor.default\">\n\t\t\t\t\t\t\t\t\t<p><span style=\"color: var( --e-global-color-text ); font-family: var( --e-global-typography-text-font-family ), Sans-serif; background-color: var(--nv-site-bg);\"><b>Mit\u00e4 on sokerointi?<\/b><\/span><\/p>\n<p>* Sokerointi on vegaaninen ja hygieeninen karvanpoistomenetelm\u00e4, jossa karvat poistetaan juurineen sokerimassan avulla. <br>* Sokerointi kuorii ja uudistaa samalla my\u00f6s ihoa kun sokerimassa vie iholta karvat ja kuolleet ihosolut. <br>* Pitk\u00e4aikainen ja s\u00e4\u00e4nn\u00f6llinen sokerointi pehment\u00e4\u00e4 karvaa ja hidastaa sen kasvua. T\u00e4m\u00e4n j\u00e4lkeen karva ohentuu ja kasvaa hentoisena ja harvakseltaan ja mik\u00e4 parasta se ei kasva s\u00e4nken\u00e4.<\/p>\n<p><b>Kun tulet sokerointiin<\/b><\/p>\n<p>* Kasvata karvoja minimiss\u00e4\u00e4n 0,9 mm. <br>* Edellisest\u00e4 sheivauksesta 2-3 viikkoa.( karvankasvunopeudesta riippuen ) <br>* Suosittelemme kuorimaan ihon 72 h ennen sokerointip\u00e4iv\u00e4\u00e4.<br>* \u00c4l\u00e4 kuori sokeroitavaa aluetta 48 h ennen. <br>* \u00c4l\u00e4 k\u00e4yt\u00e4 kosteusvoidetta tai iho-\u00f6ljy\u00e4 sokerointip\u00e4iv\u00e4n\u00e4.<\/p>\n<p><b>Este sokeroinnille <\/b><br>(hoidettavalle alueelle)<\/p>\n<p>* Erinlaiset ihosairaudet ( esim. psoriasis, atooppinen iho, akne ja ruusufinni ) <br>* Auringonpolttama iho<br>* Ihosi on rikki <br>* Uudet arvet<br>* Syyl\u00e4t <br>* Varsiluomet <br>* Kipeit\u00e4 ja suuria mustelmia tai suonikohjuja ( voidaan kiert\u00e4\u00e4 )<\/p>\t\t\t\t\t\t\t\t<\/div>\n\t\t\t\t\t<\/div>\n\t\t<\/div>\n\t\t\t\t<div class=\"elementor-column elementor-col-50 elementor-top-column elementor-element elementor-element-41ca47c\" data-id=\"41ca47c\" data-element_type=\"column\" data-e-type=\"column\">\n\t\t\t<div class=\"elementor-widget-wrap elementor-element-populated\">\n\t\t\t\t\t\t<div class=\"elementor-element elementor-element-af6f915 elementor-widget elementor-widget-image\" data-id=\"af6f915\" data-element_type=\"widget\" data-e-type=\"widget\" data-widget_type=\"image.default\">\n\t\t\t\t\t\t\t\t\t\t\t\t\t\t\t<img fetchpriority=\"high\" decoding=\"async\" width=\"683\" height=\"1024\" src=\"https:\/\/www.kauneushoitolamerenneito.fi\/wp-content\/uploads\/2025\/08\/markkinointikuvat-26-683x1024.jpg\" class=\"attachment-large size-large wp-image-2531\" alt=\"\" srcset=\"https:\/\/www.kauneushoitolamerenneito.fi\/wp-content\/uploads\/2025\/08\/markkinointikuvat-26-683x1024.jpg 683w, https:\/\/www.kauneushoitolamerenneito.fi\/wp-content\/uploads\/2025\/08\/markkinointikuvat-26-200x300.jpg 200w, https:\/\/www.kauneushoitolamerenneito.fi\/wp-content\/uploads\/2025\/08\/markkinointikuvat-26-768x1152.jpg 768w, https:\/\/www.kauneushoitolamerenneito.fi\/wp-content\/uploads\/2025\/08\/markkinointikuvat-26-1024x1536.jpg 1024w, https:\/\/www.kauneushoitolamerenneito.fi\/wp-content\/uploads\/2025\/08\/markkinointikuvat-26.jpg 1365w\" sizes=\"(max-width: 683px) 100vw, 683px\" \/>\t\t\t\t\t\t\t\t\t\t\t\t\t\t\t<\/div>\n\t\t\t\t\t<\/div>\n\t\t<\/div>\n\t\t\t\t\t<\/div>\n\t\t<\/section>\n\t\t\t\t<section class=\"elementor-section elementor-top-section elementor-element elementor-element-ce27613 elementor-section-boxed elementor-section-height-default elementor-section-height-default\" data-id=\"ce27613\" data-element_type=\"section\" data-e-type=\"section\">\n\t\t\t\t\t\t<div class=\"elementor-container elementor-column-gap-default\">\n\t\t\t\t\t<div class=\"elementor-column elementor-col-100 elementor-top-column elementor-element elementor-element-458dce5\" data-id=\"458dce5\" data-element_type=\"column\" data-e-type=\"column\" data-settings=\"{&quot;background_background&quot;:&quot;classic&quot;}\">\n\t\t\t<div class=\"elementor-widget-wrap elementor-element-populated\">\n\t\t\t\t\t\t<div class=\"elementor-element elementor-element-fbfcbae elementor-widget elementor-widget-text-editor\" data-id=\"fbfcbae\" data-element_type=\"widget\" data-e-type=\"widget\" data-widget_type=\"text-editor.default\">\n\t\t\t\t\t\t\t\t\t<p><b>Kotihoito-ohjeet sokeroinnin j\u00e4lkeen<\/b><\/p><p>* Sokeroinnin j\u00e4lkeen ihoa saattaa kuumotella ja kihelm\u00f6id\u00e4, se on t\u00e4ysin normaalia.<br \/>* Ihokarvat kasvavat sykleitt\u00e4in; osa karvoista on lepovaiheessa tai karva on vasta kasvamassa. T\u00e4st\u00e4 syyst\u00e4 sokeroinnin j\u00e4lkeen saattaa yksitt\u00e4isi\u00e4 ihokarvoja tulla esiin l\u00e4hip\u00e4ivin\u00e4.<br \/>* Karvatuppi on herkk\u00e4 ja altis tulehduksille 24 h sokeroinnin j\u00e4lkeen.<br \/>* V\u00e4lt\u00e4th\u00e4n siis t\u00e4n\u00e4 aikana l\u00e4mp\u00f6\u00e4, hikoilua, voimakasta liikuntaa, solariumia, auringonottoa , uimista ja saunomista sek\u00e4 sokerointialueella deodoranttia, meikki\u00e4, hajuvett\u00e4 ja itseruskettavia tuotteita.<br \/>* Sokeroinnin j\u00e4lkeen \u00e4l\u00e4 kuori ihoa 72 h<br \/>* Muista kosteuttaa ihoa p\u00e4ivitt\u00e4in ja kuoria ihoasi s\u00e4\u00e4nn\u00f6llisesti ja hell\u00e4varaisesti 1-3 p\u00e4iv\u00e4\u00e4 viikossa , n\u00e4in est\u00e4t tehokkaasti sis\u00e4\u00e4n kasvaneet karvat.<br \/>* \u00c4l\u00e4 hankaa \u00e4l\u00e4k\u00e4 raavi ihoa k\u00e4sittelyn j\u00e4lkeen.<br \/>* V\u00e4lt\u00e4 tiukkoja ja hankaavia vaatteita heti sokeroinnin j\u00e4lkeen.<br \/>* Muista suojata iho auringolta sokeroinnin j\u00e4lkeisin\u00e4 p\u00e4ivin\u00e4.<\/p>\t\t\t\t\t\t\t\t<\/div>\n\t\t\t\t\t<\/div>\n\t\t<\/div>\n\t\t\t\t\t<\/div>\n\t\t<\/section>\n\t\t\t\t<section class=\"elementor-section elementor-top-section elementor-element elementor-element-80e687c elementor-section-boxed elementor-section-height-default elementor-section-height-default\" data-id=\"80e687c\" data-element_type=\"section\" data-e-type=\"section\">\n\t\t\t\t\t\t<div class=\"elementor-container elementor-column-gap-default\">\n\t\t\t\t\t<div class=\"elementor-column elementor-col-50 elementor-top-column elementor-element elementor-element-7ebb347\" data-id=\"7ebb347\" data-element_type=\"column\" data-e-type=\"column\">\n\t\t\t<div class=\"elementor-widget-wrap elementor-element-populated\">\n\t\t\t\t\t\t<div class=\"elementor-element elementor-element-8ef9ca2 elementor-widget elementor-widget-image\" data-id=\"8ef9ca2\" data-element_type=\"widget\" data-e-type=\"widget\" data-widget_type=\"image.default\">\n\t\t\t\t\t\t\t\t\t\t\t\t\t\t\t<img decoding=\"async\" width=\"683\" height=\"1024\" src=\"https:\/\/www.kauneushoitolamerenneito.fi\/wp-content\/uploads\/2025\/08\/markkinointikuvat-32-683x1024.jpg\" class=\"attachment-large size-large wp-image-2587\" alt=\"\" srcset=\"https:\/\/www.kauneushoitolamerenneito.fi\/wp-content\/uploads\/2025\/08\/markkinointikuvat-32-683x1024.jpg 683w, https:\/\/www.kauneushoitolamerenneito.fi\/wp-content\/uploads\/2025\/08\/markkinointikuvat-32-200x300.jpg 200w, https:\/\/www.kauneushoitolamerenneito.fi\/wp-content\/uploads\/2025\/08\/markkinointikuvat-32-768x1152.jpg 768w, https:\/\/www.kauneushoitolamerenneito.fi\/wp-content\/uploads\/2025\/08\/markkinointikuvat-32-1024x1536.jpg 1024w, https:\/\/www.kauneushoitolamerenneito.fi\/wp-content\/uploads\/2025\/08\/markkinointikuvat-32.jpg 1365w\" sizes=\"(max-width: 683px) 100vw, 683px\" \/>\t\t\t\t\t\t\t\t\t\t\t\t\t\t\t<\/div>\n\t\t\t\t\t<\/div>\n\t\t<\/div>\n\t\t\t\t<div class=\"elementor-column elementor-col-50 elementor-top-column elementor-element elementor-element-c48aa63\" data-id=\"c48aa63\" data-element_type=\"column\" data-e-type=\"column\">\n\t\t\t<div class=\"elementor-widget-wrap elementor-element-populated\">\n\t\t\t\t\t\t<div class=\"elementor-element elementor-element-02e787a elementor-widget elementor-widget-text-editor\" data-id=\"02e787a\" data-element_type=\"widget\" data-e-type=\"widget\" data-widget_type=\"text-editor.default\">\n\t\t\t\t\t\t\t\t\t<p><b>Mit\u00e4 eroa on?<br><\/b>Brasilialainen sokerointi = BRASSI<br>Bikini string vai bikini sokerointi?<br><strong>Bikini sokerointi<\/strong> = Karvat poistetaan sill\u00e4 alueelta mik\u00e4 j\u00e4\u00e4 normaalien bikinien ulkopuolelle.<br><strong>Bikini string<\/strong> = Karvat jotka j\u00e4\u00e4v\u00e4t string-mallisten alushousujen ulkopuolelle poistetaan sek\u00e4 edest\u00e4 ett\u00e4 takaa.<br><strong>Brassi<\/strong> = Brassissa karvoitus poistetaan genitaalialueelta yleens\u00e4 kokonaan edest\u00e4 ja takaa tai j\u00e4tt\u00e4m\u00e4ll\u00e4 etuosaan pieni alue karvoitusta asiakkaan toiveesta riippuen.<\/p>\n<p><span style=\"text-decoration: underline;\"><strong>BRASSI, bikini string ja bikini sokeroinnit ovat vain naisille! Huoltov\u00e4li brassissa on maksimissaan 7 viikkoa.<\/strong><\/span><\/p>\n<p><b>Sattuuko Brassi?<br><\/b>Karvanpoisto ei ole varsinkaan ensimm\u00e4isill\u00e4 kerroilla kivutonta. Pitk\u00e4aikainen ja s\u00e4\u00e4nn\u00f6llinen sokerointi kuitenkin muuttavat karvan niin hentoiseksi ja harvaksi, ett\u00e4 toimenpide muuttuu lopulta huomattavasti helpommaksi.<\/p>\n<p><b>Mik\u00e4 on sopiva huoltov\u00e4li ?<br><\/b>* Alkuun sokerointiv\u00e4li on tihe\u00e4mpi noin 3-5 viikkoa.<br>* Keskim\u00e4\u00e4r\u00e4inen sokerointiv\u00e4li on 4-6 viikkoa , joka voi yksil\u00f6llisesti ja alueittain vaihdella.<br>* Ajan my\u00f6ten karvan kasvu hidastuu s\u00e4\u00e4nn\u00f6llisten sokerointejen my\u00f6t\u00e4 ja hoitov\u00e4li pitenee silloin.<\/p>\n<p><b>Voiko intiimialueen sokerointiin tulla kuukautisten aikana?<br><\/b>* Kuukautiset eiv\u00e4t ole este sokeroinnille mutta kivun tuntemus voi olla kuukautisten aikana vahvempi.<br>* Kuukautisten aikana k\u00e4ytet\u00e4\u00e4n kuukautissuojana tampoonia.<\/p>\n<p><b>Voiko intiimialueen sokerointiin tulla raskaana?<br><\/b>* Kyll\u00e4 voi.<br>* Raskauden aikana naisen hormonitoiminta saattaa muuttaa my\u00f6s karvan kasvua. Toisinaan kasvu on nopeampaa ja toisilla se hidastuu huomattavasti.<br>* Loppuraskauden aikana sokerointiasentoja mukautetaan raskauden vaatimusten mukaisesti.<\/p>\t\t\t\t\t\t\t\t<\/div>\n\t\t\t\t\t<\/div>\n\t\t<\/div>\n\t\t\t\t\t<\/div>\n\t\t<\/section>\n\t\t\t\t<section class=\"elementor-section elementor-top-section elementor-element elementor-element-87fbb23 elementor-section-boxed elementor-section-height-default elementor-section-height-default\" data-id=\"87fbb23\" data-element_type=\"section\" data-e-type=\"section\">\n\t\t\t\t\t\t<div class=\"elementor-container elementor-column-gap-default\">\n\t\t\t\t\t<div class=\"elementor-column elementor-col-100 elementor-top-column elementor-element elementor-element-8da64fa\" data-id=\"8da64fa\" data-element_type=\"column\" data-e-type=\"column\">\n\t\t\t<div class=\"elementor-widget-wrap elementor-element-populated\">\n\t\t\t\t\t\t<div class=\"elementor-element elementor-element-a02c134 elementor-align-center elementor-widget elementor-widget-button\" data-id=\"a02c134\" data-element_type=\"widget\" data-e-type=\"widget\" data-widget_type=\"button.default\">\n\t\t\t\t\t\t\t\t\t\t<a class=\"elementor-button elementor-button-link elementor-size-xl\" href=\"https:\/\/www.kauneushoitolamerenneito.fi\/index.php\/ajanvaraus\/\">\n\t\t\t\t\t\t<span class=\"elementor-button-content-wrapper\">\n\t\t\t\t\t\t<span class=\"elementor-button-icon\">\n\t\t\t\t<svg aria-hidden=\"true\" class=\"e-font-icon-svg e-far-calendar-check\" viewBox=\"0 0 448 512\" xmlns=\"http:\/\/www.w3.org\/2000\/svg\"><path d=\"M400 64h-48V12c0-6.627-5.373-12-12-12h-40c-6.627 0-12 5.373-12 12v52H160V12c0-6.627-5.373-12-12-12h-40c-6.627 0-12 5.373-12 12v52H48C21.49 64 0 85.49 0 112v352c0 26.51 21.49 48 48 48h352c26.51 0 48-21.49 48-48V112c0-26.51-21.49-48-48-48zm-6 400H54a6 6 0 0 1-6-6V160h352v298a6 6 0 0 1-6 6zm-52.849-200.65L198.842 404.519c-4.705 4.667-12.303 4.637-16.971-.068l-75.091-75.699c-4.667-4.705-4.637-12.303.068-16.971l22.719-22.536c4.705-4.667 12.303-4.637 16.97.069l44.104 44.461 111.072-110.181c4.705-4.667 12.303-4.637 16.971.068l22.536 22.718c4.667 4.705 4.636 12.303-.069 16.97z\"><\/path><\/svg>\t\t\t<\/span>\n\t\t\t\t\t\t\t\t\t<span class=\"elementor-button-text\">varaa oma aikasi<\/span>\n\t\t\t\t\t<\/span>\n\t\t\t\t\t<\/a>\n\t\t\t\t\t\t\t\t<\/div>\n\t\t\t\t\t<\/div>\n\t\t<\/div>\n\t\t\t\t\t<\/div>\n\t\t<\/section>\n\t\t\t\t<\/div>\n\t\t","protected":false},"excerpt":{"rendered":"<p>sokeroinnit Mit\u00e4 on sokerointi? * Sokerointi on vegaaninen ja hygieeninen karvanpoistomenetelm\u00e4, jossa karvat poistetaan juurineen sokerimassan avulla. * Sokerointi kuorii ja uudistaa samalla my\u00f6s ihoa kun sokerimassa vie iholta karvat ja kuolleet ihosolut. * Pitk\u00e4aikainen ja s\u00e4\u00e4nn\u00f6llinen sokerointi pehment\u00e4\u00e4 karvaa ja hidastaa sen kasvua. T\u00e4m\u00e4n j\u00e4lkeen karva ohentuu ja kasvaa hentoisena ja harvakseltaan ja mik\u00e4&hellip;&nbsp;<a href=\"https:\/\/www.kauneushoitolamerenneito.fi\/index.php\/palvelut\/sokeroinnit\/\" rel=\"bookmark\">Lue lis\u00e4\u00e4 &raquo;<span class=\"screen-reader-text\">Sokeroinnit<\/span><\/a><\/p>\n","protected":false},"author":1,"featured_media":0,"parent":26,"menu_order":0,"comment_status":"closed","ping_status":"closed","template":"page-templates\/template-pagebuilder-full-width.php","meta":{"neve_meta_sidebar":"full-width","neve_meta_container":"","neve_meta_enable_content_width":"on","neve_meta_content_width":100,"neve_meta_title_alignment":"","neve_meta_author_avatar":"","neve_post_elements_order":"","neve_meta_disable_header":"","neve_meta_disable_footer":"","neve_meta_disable_title":"","footnotes":""},"class_list":["post-445","page","type-page","status-publish","hentry"],"_links":{"self":[{"href":"https:\/\/www.kauneushoitolamerenneito.fi\/index.php\/wp-json\/wp\/v2\/pages\/445","targetHints":{"allow":["GET"]}}],"collection":[{"href":"https:\/\/www.kauneushoitolamerenneito.fi\/index.php\/wp-json\/wp\/v2\/pages"}],"about":[{"href":"https:\/\/www.kauneushoitolamerenneito.fi\/index.php\/wp-json\/wp\/v2\/types\/page"}],"author":[{"embeddable":true,"href":"https:\/\/www.kauneushoitolamerenneito.fi\/index.php\/wp-json\/wp\/v2\/users\/1"}],"replies":[{"embeddable":true,"href":"https:\/\/www.kauneushoitolamerenneito.fi\/index.php\/wp-json\/wp\/v2\/comments?post=445"}],"version-history":[{"count":52,"href":"https:\/\/www.kauneushoitolamerenneito.fi\/index.php\/wp-json\/wp\/v2\/pages\/445\/revisions"}],"predecessor-version":[{"id":2738,"href":"https:\/\/www.kauneushoitolamerenneito.fi\/index.php\/wp-json\/wp\/v2\/pages\/445\/revisions\/2738"}],"up":[{"embeddable":true,"href":"https:\/\/www.kauneushoitolamerenneito.fi\/index.php\/wp-json\/wp\/v2\/pages\/26"}],"wp:attachment":[{"href":"https:\/\/www.kauneushoitolamerenneito.fi\/index.php\/wp-json\/wp\/v2\/media?parent=445"}],"curies":[{"name":"wp","href":"https:\/\/api.w.org\/{rel}","templated":true}]}}