{"id":440,"date":"2021-11-22T16:32:22","date_gmt":"2021-11-22T16:32:22","guid":{"rendered":"https:\/\/www.kauneushoitolamerenneito.fi\/?page_id=440"},"modified":"2026-03-10T15:53:37","modified_gmt":"2026-03-10T15:53:37","slug":"ripset-ja-kulmat","status":"publish","type":"page","link":"https:\/\/www.kauneushoitolamerenneito.fi\/index.php\/palvelut\/ripset-ja-kulmat\/","title":{"rendered":"Ripset ja kulmat"},"content":{"rendered":"\t\t<div data-elementor-type=\"wp-page\" data-elementor-id=\"440\" class=\"elementor elementor-440\">\n\t\t\t\t\t\t<section class=\"elementor-section elementor-top-section elementor-element elementor-element-fc93447 elementor-section-boxed elementor-section-height-default elementor-section-height-default\" data-id=\"fc93447\" data-element_type=\"section\" data-e-type=\"section\">\n\t\t\t\t\t\t<div class=\"elementor-container elementor-column-gap-default\">\n\t\t\t\t\t<div class=\"elementor-column elementor-col-100 elementor-top-column elementor-element elementor-element-eef5fea\" data-id=\"eef5fea\" data-element_type=\"column\" data-e-type=\"column\">\n\t\t\t<div class=\"elementor-widget-wrap elementor-element-populated\">\n\t\t\t\t\t\t<div class=\"elementor-element elementor-element-5bbdd3e elementor-widget elementor-widget-heading\" data-id=\"5bbdd3e\" data-element_type=\"widget\" data-e-type=\"widget\" data-widget_type=\"heading.default\">\n\t\t\t\t\t<h2 class=\"elementor-heading-title elementor-size-default\">ripset ja kulmat<\/h2>\t\t\t\t<\/div>\n\t\t\t\t<div class=\"elementor-element elementor-element-a7a1ac2 elementor-widget-divider--view-line elementor-widget elementor-widget-divider\" data-id=\"a7a1ac2\" data-element_type=\"widget\" data-e-type=\"widget\" data-widget_type=\"divider.default\">\n\t\t\t\t\t\t\t<div class=\"elementor-divider\">\n\t\t\t<span class=\"elementor-divider-separator\">\n\t\t\t\t\t\t<\/span>\n\t\t<\/div>\n\t\t\t\t\t\t<\/div>\n\t\t\t\t\t<\/div>\n\t\t<\/div>\n\t\t\t\t\t<\/div>\n\t\t<\/section>\n\t\t\t\t<section class=\"elementor-section elementor-top-section elementor-element elementor-element-9113f6d elementor-section-boxed elementor-section-height-default elementor-section-height-default\" data-id=\"9113f6d\" data-element_type=\"section\" data-e-type=\"section\">\n\t\t\t\t\t\t<div class=\"elementor-container elementor-column-gap-default\">\n\t\t\t\t\t<div class=\"elementor-column elementor-col-50 elementor-top-column elementor-element elementor-element-13ebce7\" data-id=\"13ebce7\" data-element_type=\"column\" data-e-type=\"column\">\n\t\t\t<div class=\"elementor-widget-wrap elementor-element-populated\">\n\t\t\t\t\t\t<div class=\"elementor-element elementor-element-ba474e2 elementor-widget elementor-widget-text-editor\" data-id=\"ba474e2\" data-element_type=\"widget\" data-e-type=\"widget\" data-widget_type=\"text-editor.default\">\n\t\t\t\t\t\t\t\t\t<p><b>RIPSIEN JA KULMIEN KESTOV\u00c4RJ\u00c4YS<br \/><\/b><span style=\"font-weight: 400;\">Ripsien ja kulmien kestov\u00e4rj\u00e4ys sis\u00e4lt\u00e4\u00e4 kulmien muotoilun.\u00a0<\/span><span style=\"color: var( --e-global-color-text ); font-family: var( --e-global-typography-text-font-family ), Sans-serif; background-color: var(--nv-site-bg);\">Palveluissa l\u00f6ytyy my\u00f6s pelkk\u00e4 kulmien kestov\u00e4rj\u00e4ys ja muotoilu tai pelkk\u00e4 kulmien muotoilu<\/span><\/p><p><b>KULMIEN MUOTOILU<\/b><br \/>Kulmien muotoilu tehd\u00e4\u00e4n <strong>vahalla tai sokerilla.<\/strong><\/p>\t\t\t\t\t\t\t\t<\/div>\n\t\t\t\t\t<\/div>\n\t\t<\/div>\n\t\t\t\t<div class=\"elementor-column elementor-col-50 elementor-top-column elementor-element elementor-element-385d553\" data-id=\"385d553\" data-element_type=\"column\" data-e-type=\"column\">\n\t\t\t<div class=\"elementor-widget-wrap elementor-element-populated\">\n\t\t\t\t\t\t<div class=\"elementor-element elementor-element-f59827d elementor-widget elementor-widget-image\" data-id=\"f59827d\" data-element_type=\"widget\" data-e-type=\"widget\" data-widget_type=\"image.default\">\n\t\t\t\t\t\t\t\t\t\t\t\t\t\t\t<img fetchpriority=\"high\" decoding=\"async\" width=\"683\" height=\"1024\" src=\"https:\/\/www.kauneushoitolamerenneito.fi\/wp-content\/uploads\/2026\/03\/brandikuvat-19-683x1024.jpg\" class=\"attachment-large size-large wp-image-2817\" alt=\"\" srcset=\"https:\/\/www.kauneushoitolamerenneito.fi\/wp-content\/uploads\/2026\/03\/brandikuvat-19-683x1024.jpg 683w, https:\/\/www.kauneushoitolamerenneito.fi\/wp-content\/uploads\/2026\/03\/brandikuvat-19-200x300.jpg 200w, https:\/\/www.kauneushoitolamerenneito.fi\/wp-content\/uploads\/2026\/03\/brandikuvat-19-768x1152.jpg 768w, https:\/\/www.kauneushoitolamerenneito.fi\/wp-content\/uploads\/2026\/03\/brandikuvat-19-1024x1536.jpg 1024w, https:\/\/www.kauneushoitolamerenneito.fi\/wp-content\/uploads\/2026\/03\/brandikuvat-19.jpg 1365w\" sizes=\"(max-width: 683px) 100vw, 683px\" \/>\t\t\t\t\t\t\t\t\t\t\t\t\t\t\t<\/div>\n\t\t\t\t\t<\/div>\n\t\t<\/div>\n\t\t\t\t\t<\/div>\n\t\t<\/section>\n\t\t\t\t<section class=\"elementor-section elementor-top-section elementor-element elementor-element-f5ebb41 elementor-section-boxed elementor-section-height-default elementor-section-height-default\" data-id=\"f5ebb41\" data-element_type=\"section\" data-e-type=\"section\">\n\t\t\t\t\t\t<div class=\"elementor-container elementor-column-gap-default\">\n\t\t\t\t\t<div class=\"elementor-column elementor-col-100 elementor-top-column elementor-element elementor-element-a033853\" data-id=\"a033853\" data-element_type=\"column\" data-e-type=\"column\">\n\t\t\t<div class=\"elementor-widget-wrap elementor-element-populated\">\n\t\t\t\t\t\t<div class=\"elementor-element elementor-element-6ce6d51 elementor-align-center elementor-widget elementor-widget-button\" data-id=\"6ce6d51\" data-element_type=\"widget\" data-e-type=\"widget\" data-widget_type=\"button.default\">\n\t\t\t\t\t\t\t\t\t\t<a class=\"elementor-button elementor-button-link elementor-size-xl\" href=\"https:\/\/www.kauneushoitolamerenneito.fi\/index.php\/ajanvaraus\/\">\n\t\t\t\t\t\t<span class=\"elementor-button-content-wrapper\">\n\t\t\t\t\t\t<span class=\"elementor-button-icon\">\n\t\t\t\t<svg aria-hidden=\"true\" class=\"e-font-icon-svg e-far-calendar-check\" viewBox=\"0 0 448 512\" xmlns=\"http:\/\/www.w3.org\/2000\/svg\"><path d=\"M400 64h-48V12c0-6.627-5.373-12-12-12h-40c-6.627 0-12 5.373-12 12v52H160V12c0-6.627-5.373-12-12-12h-40c-6.627 0-12 5.373-12 12v52H48C21.49 64 0 85.49 0 112v352c0 26.51 21.49 48 48 48h352c26.51 0 48-21.49 48-48V112c0-26.51-21.49-48-48-48zm-6 400H54a6 6 0 0 1-6-6V160h352v298a6 6 0 0 1-6 6zm-52.849-200.65L198.842 404.519c-4.705 4.667-12.303 4.637-16.971-.068l-75.091-75.699c-4.667-4.705-4.637-12.303.068-16.971l22.719-22.536c4.705-4.667 12.303-4.637 16.97.069l44.104 44.461 111.072-110.181c4.705-4.667 12.303-4.637 16.971.068l22.536 22.718c4.667 4.705 4.636 12.303-.069 16.97z\"><\/path><\/svg>\t\t\t<\/span>\n\t\t\t\t\t\t\t\t\t<span class=\"elementor-button-text\">varaa oma aikasi<\/span>\n\t\t\t\t\t<\/span>\n\t\t\t\t\t<\/a>\n\t\t\t\t\t\t\t\t<\/div>\n\t\t\t\t\t<\/div>\n\t\t<\/div>\n\t\t\t\t\t<\/div>\n\t\t<\/section>\n\t\t\t\t<\/div>\n\t\t","protected":false},"excerpt":{"rendered":"<p>ripset ja kulmat RIPSIEN JA KULMIEN KESTOV\u00c4RJ\u00c4YSRipsien ja kulmien kestov\u00e4rj\u00e4ys sis\u00e4lt\u00e4\u00e4 kulmien muotoilun.\u00a0Palveluissa l\u00f6ytyy my\u00f6s pelkk\u00e4 kulmien kestov\u00e4rj\u00e4ys ja muotoilu tai pelkk\u00e4 kulmien muotoilu KULMIEN MUOTOILUKulmien muotoilu tehd\u00e4\u00e4n vahalla tai sokerilla. varaa oma aikasi<\/p>\n","protected":false},"author":1,"featured_media":0,"parent":26,"menu_order":0,"comment_status":"closed","ping_status":"closed","template":"page-templates\/template-pagebuilder-full-width.php","meta":{"neve_meta_sidebar":"full-width","neve_meta_container":"","neve_meta_enable_content_width":"on","neve_meta_content_width":100,"neve_meta_title_alignment":"","neve_meta_author_avatar":"","neve_post_elements_order":"","neve_meta_disable_header":"","neve_meta_disable_footer":"","neve_meta_disable_title":"","footnotes":""},"class_list":["post-440","page","type-page","status-publish","hentry"],"_links":{"self":[{"href":"https:\/\/www.kauneushoitolamerenneito.fi\/index.php\/wp-json\/wp\/v2\/pages\/440","targetHints":{"allow":["GET"]}}],"collection":[{"href":"https:\/\/www.kauneushoitolamerenneito.fi\/index.php\/wp-json\/wp\/v2\/pages"}],"about":[{"href":"https:\/\/www.kauneushoitolamerenneito.fi\/index.php\/wp-json\/wp\/v2\/types\/page"}],"author":[{"embeddable":true,"href":"https:\/\/www.kauneushoitolamerenneito.fi\/index.php\/wp-json\/wp\/v2\/users\/1"}],"replies":[{"embeddable":true,"href":"https:\/\/www.kauneushoitolamerenneito.fi\/index.php\/wp-json\/wp\/v2\/comments?post=440"}],"version-history":[{"count":37,"href":"https:\/\/www.kauneushoitolamerenneito.fi\/index.php\/wp-json\/wp\/v2\/pages\/440\/revisions"}],"predecessor-version":[{"id":2821,"href":"https:\/\/www.kauneushoitolamerenneito.fi\/index.php\/wp-json\/wp\/v2\/pages\/440\/revisions\/2821"}],"up":[{"embeddable":true,"href":"https:\/\/www.kauneushoitolamerenneito.fi\/index.php\/wp-json\/wp\/v2\/pages\/26"}],"wp:attachment":[{"href":"https:\/\/www.kauneushoitolamerenneito.fi\/index.php\/wp-json\/wp\/v2\/media?parent=440"}],"curies":[{"name":"wp","href":"https:\/\/api.w.org\/{rel}","templated":true}]}}