{"id":430,"date":"2021-11-22T16:30:01","date_gmt":"2021-11-22T16:30:01","guid":{"rendered":"https:\/\/www.kauneushoitolamerenneito.fi\/?page_id=430"},"modified":"2025-09-01T06:37:24","modified_gmt":"2025-09-01T06:37:24","slug":"vartalohoidot","status":"publish","type":"page","link":"https:\/\/www.kauneushoitolamerenneito.fi\/index.php\/palvelut\/vartalohoidot\/","title":{"rendered":"Vartalohoidot"},"content":{"rendered":"\t\t<div data-elementor-type=\"wp-page\" data-elementor-id=\"430\" class=\"elementor elementor-430\">\n\t\t\t\t\t\t<section class=\"elementor-section elementor-top-section elementor-element elementor-element-7c6e87a elementor-section-boxed elementor-section-height-default elementor-section-height-default\" data-id=\"7c6e87a\" data-element_type=\"section\" data-e-type=\"section\">\n\t\t\t\t\t\t<div class=\"elementor-container elementor-column-gap-default\">\n\t\t\t\t\t<div class=\"elementor-column elementor-col-100 elementor-top-column elementor-element elementor-element-c81a804\" data-id=\"c81a804\" data-element_type=\"column\" data-e-type=\"column\">\n\t\t\t<div class=\"elementor-widget-wrap elementor-element-populated\">\n\t\t\t\t\t\t<div class=\"elementor-element elementor-element-2d7590e elementor-widget elementor-widget-heading\" data-id=\"2d7590e\" data-element_type=\"widget\" data-e-type=\"widget\" data-widget_type=\"heading.default\">\n\t\t\t\t\t<h2 class=\"elementor-heading-title elementor-size-default\">vartalohoidot<\/h2>\t\t\t\t<\/div>\n\t\t\t\t<div class=\"elementor-element elementor-element-8d67dad elementor-widget-divider--view-line elementor-widget elementor-widget-divider\" data-id=\"8d67dad\" data-element_type=\"widget\" data-e-type=\"widget\" data-widget_type=\"divider.default\">\n\t\t\t\t\t\t\t<div class=\"elementor-divider\">\n\t\t\t<span class=\"elementor-divider-separator\">\n\t\t\t\t\t\t<\/span>\n\t\t<\/div>\n\t\t\t\t\t\t<\/div>\n\t\t\t\t\t<\/div>\n\t\t<\/div>\n\t\t\t\t\t<\/div>\n\t\t<\/section>\n\t\t\t\t<section class=\"elementor-section elementor-top-section elementor-element elementor-element-0947855 elementor-section-boxed elementor-section-height-default elementor-section-height-default\" data-id=\"0947855\" data-element_type=\"section\" data-e-type=\"section\">\n\t\t\t\t\t\t<div class=\"elementor-container elementor-column-gap-default\">\n\t\t\t\t\t<div class=\"elementor-column elementor-col-50 elementor-top-column elementor-element elementor-element-365abdf\" data-id=\"365abdf\" data-element_type=\"column\" data-e-type=\"column\">\n\t\t\t<div class=\"elementor-widget-wrap elementor-element-populated\">\n\t\t\t\t\t\t<div class=\"elementor-element elementor-element-9214cac elementor-widget elementor-widget-text-editor\" data-id=\"9214cac\" data-element_type=\"widget\" data-e-type=\"widget\" data-widget_type=\"text-editor.default\">\n\t\t\t\t\t\t\t\t\t<p><b>AROMATERAPIAHIERONTA<\/b><span style=\"font-weight: 400;\"> on rentouttava hieronta, jossa imeytet\u00e4\u00e4n eteerisi\u00e4 \u00f6ljyj\u00e4 ja vilkastetaan lymfanestekiertoa. Eteerinen \u00f6ljy imeytyy ensi ihon kautta syvemm\u00e4lle kudokseen ja p\u00e4\u00e4tyy sielt\u00e4 lymfanestekierron kautta koko elimist\u00f6\u00f6n. Lempe\u00e4 ja rentouttava hieronta eteerisen \u00f6ljyn ja perusiho-\u00f6ljyn avulla. Aromaterapia sopii erinomaisesti stressin lievitt\u00e4miseen, lihasj\u00e4nnityksiin, unettomuuteen, v\u00e4symykseen, masennukseen ja vilkastuttamaan aineenvaihduntaa. EI suositella, jos olet raskaana tai imet\u00e4t, allergiset sairaudet, tulehdukset, kuume, vakavat syd\u00e4nsairaudet, sy\u00f6p\u00e4, l\u00e4\u00e4kityst\u00e4 vaativa sairaus, ennen tai j\u00e4lkeen runsaan alkoholin k\u00e4yt\u00f6n. Ep\u00e4selviss\u00e4tapauksissa kannattaa konsultoida l\u00e4\u00e4k\u00e4ri\u00e4. <strong>(Kysy saatavuuden mukaan)<\/strong><\/span><\/p><p><b>KUUMAKIVIHIERONNASSA<\/b><span style=\"font-weight: 400;\"> k\u00e4ytet\u00e4\u00e4n eri kokoisia kuumassa vedess\u00e4 l\u00e4mmitettyj\u00e4 luonnon hiomia basalttikivi\u00e4. Kuumakivihieronta laukaisee lihasj\u00e4nnityst\u00e4, tehostaa aineenvaihduntaa ja lymfaverenkiertoa, tasapainottaa hermoston toimintaa, laukaisee stressi\u00e4 ja nopeuttaa kuona-aineiden poistumista. Kuumakivihierontaa EI suositella, jos olet raskaana tai k\u00e4rsit tuntopuutoksista, diabeteksesta, syd\u00e4nsairaudesta, ihosairaudesta tai suonikohjuista. Jos sinulla on jokin l\u00e4\u00e4kityst\u00e4 vaativa sairaus, kannattaa hoidon sopivuus tarkastaa l\u00e4\u00e4k\u00e4rilt\u00e4. <strong>(Kysy saatavuuden mukaan)<\/strong><\/span><\/p><p><b>L\u00c4MMIN\u00d6LJYHIERONTA<\/b><span style=\"font-weight: 400;\"> on luonteeltaan rauhallista ja rentouttavaa. Kokovartalohieronnassa k\u00e4ytet\u00e4\u00e4n l\u00e4mmitetty\u00e4 \u00f6ljy\u00e4 hieronnan tukena, mik\u00e4 tekee hieronnasta entist\u00e4kin nautittavamman.<\/span><\/p><p><span style=\"font-weight: 400;\">Valikoimasta l\u00f6ytyy my\u00f6s selk\u00e4hierontaa, jotka tehd\u00e4\u00e4n kosmetologin toteuttamana<\/span><\/p>\t\t\t\t\t\t\t\t<\/div>\n\t\t\t\t\t<\/div>\n\t\t<\/div>\n\t\t\t\t<div class=\"elementor-column elementor-col-50 elementor-top-column elementor-element elementor-element-53522ed\" data-id=\"53522ed\" data-element_type=\"column\" data-e-type=\"column\">\n\t\t\t<div class=\"elementor-widget-wrap elementor-element-populated\">\n\t\t\t\t\t\t<div class=\"elementor-element elementor-element-675f9b7 elementor-widget elementor-widget-image\" data-id=\"675f9b7\" data-element_type=\"widget\" data-e-type=\"widget\" data-widget_type=\"image.default\">\n\t\t\t\t\t\t\t\t\t\t\t\t\t\t\t<img fetchpriority=\"high\" decoding=\"async\" width=\"683\" height=\"1024\" src=\"https:\/\/www.kauneushoitolamerenneito.fi\/wp-content\/uploads\/2025\/09\/vartalohoidot-683x1024.jpg\" class=\"attachment-large size-large wp-image-2650\" alt=\"\" srcset=\"https:\/\/www.kauneushoitolamerenneito.fi\/wp-content\/uploads\/2025\/09\/vartalohoidot-683x1024.jpg 683w, https:\/\/www.kauneushoitolamerenneito.fi\/wp-content\/uploads\/2025\/09\/vartalohoidot-200x300.jpg 200w, https:\/\/www.kauneushoitolamerenneito.fi\/wp-content\/uploads\/2025\/09\/vartalohoidot-768x1152.jpg 768w, https:\/\/www.kauneushoitolamerenneito.fi\/wp-content\/uploads\/2025\/09\/vartalohoidot-1024x1536.jpg 1024w, https:\/\/www.kauneushoitolamerenneito.fi\/wp-content\/uploads\/2025\/09\/vartalohoidot.jpg 1080w\" sizes=\"(max-width: 683px) 100vw, 683px\" \/>\t\t\t\t\t\t\t\t\t\t\t\t\t\t\t<\/div>\n\t\t\t\t\t<\/div>\n\t\t<\/div>\n\t\t\t\t\t<\/div>\n\t\t<\/section>\n\t\t\t\t<section class=\"elementor-section elementor-top-section elementor-element elementor-element-878fb4a elementor-section-boxed elementor-section-height-default elementor-section-height-default\" data-id=\"878fb4a\" data-element_type=\"section\" data-e-type=\"section\">\n\t\t\t\t\t\t<div class=\"elementor-container elementor-column-gap-default\">\n\t\t\t\t\t<div class=\"elementor-column elementor-col-100 elementor-top-column elementor-element elementor-element-a746a6a\" data-id=\"a746a6a\" data-element_type=\"column\" data-e-type=\"column\">\n\t\t\t<div class=\"elementor-widget-wrap elementor-element-populated\">\n\t\t\t\t\t\t<div class=\"elementor-element elementor-element-ecd373a elementor-align-center elementor-widget elementor-widget-button\" data-id=\"ecd373a\" data-element_type=\"widget\" data-e-type=\"widget\" data-widget_type=\"button.default\">\n\t\t\t\t\t\t\t\t\t\t<a class=\"elementor-button elementor-button-link elementor-size-xl\" href=\"https:\/\/www.kauneushoitolamerenneito.fi\/index.php\/ajanvaraus\/\">\n\t\t\t\t\t\t<span class=\"elementor-button-content-wrapper\">\n\t\t\t\t\t\t<span class=\"elementor-button-icon\">\n\t\t\t\t<svg aria-hidden=\"true\" class=\"e-font-icon-svg e-far-calendar-check\" viewBox=\"0 0 448 512\" xmlns=\"http:\/\/www.w3.org\/2000\/svg\"><path d=\"M400 64h-48V12c0-6.627-5.373-12-12-12h-40c-6.627 0-12 5.373-12 12v52H160V12c0-6.627-5.373-12-12-12h-40c-6.627 0-12 5.373-12 12v52H48C21.49 64 0 85.49 0 112v352c0 26.51 21.49 48 48 48h352c26.51 0 48-21.49 48-48V112c0-26.51-21.49-48-48-48zm-6 400H54a6 6 0 0 1-6-6V160h352v298a6 6 0 0 1-6 6zm-52.849-200.65L198.842 404.519c-4.705 4.667-12.303 4.637-16.971-.068l-75.091-75.699c-4.667-4.705-4.637-12.303.068-16.971l22.719-22.536c4.705-4.667 12.303-4.637 16.97.069l44.104 44.461 111.072-110.181c4.705-4.667 12.303-4.637 16.971.068l22.536 22.718c4.667 4.705 4.636 12.303-.069 16.97z\"><\/path><\/svg>\t\t\t<\/span>\n\t\t\t\t\t\t\t\t\t<span class=\"elementor-button-text\">varaa oma aikasi<\/span>\n\t\t\t\t\t<\/span>\n\t\t\t\t\t<\/a>\n\t\t\t\t\t\t\t\t<\/div>\n\t\t\t\t\t<\/div>\n\t\t<\/div>\n\t\t\t\t\t<\/div>\n\t\t<\/section>\n\t\t\t\t<\/div>\n\t\t","protected":false},"excerpt":{"rendered":"<p>vartalohoidot AROMATERAPIAHIERONTA on rentouttava hieronta, jossa imeytet\u00e4\u00e4n eteerisi\u00e4 \u00f6ljyj\u00e4 ja vilkastetaan lymfanestekiertoa. Eteerinen \u00f6ljy imeytyy ensi ihon kautta syvemm\u00e4lle kudokseen ja p\u00e4\u00e4tyy sielt\u00e4 lymfanestekierron kautta koko elimist\u00f6\u00f6n. Lempe\u00e4 ja rentouttava hieronta eteerisen \u00f6ljyn ja perusiho-\u00f6ljyn avulla. Aromaterapia sopii erinomaisesti stressin lievitt\u00e4miseen, lihasj\u00e4nnityksiin, unettomuuteen, v\u00e4symykseen, masennukseen ja vilkastuttamaan aineenvaihduntaa. EI suositella, jos olet raskaana tai imet\u00e4t,&hellip;&nbsp;<a href=\"https:\/\/www.kauneushoitolamerenneito.fi\/index.php\/palvelut\/vartalohoidot\/\" rel=\"bookmark\">Lue lis\u00e4\u00e4 &raquo;<span class=\"screen-reader-text\">Vartalohoidot<\/span><\/a><\/p>\n","protected":false},"author":1,"featured_media":0,"parent":26,"menu_order":0,"comment_status":"closed","ping_status":"closed","template":"page-templates\/template-pagebuilder-full-width.php","meta":{"neve_meta_sidebar":"full-width","neve_meta_container":"","neve_meta_enable_content_width":"on","neve_meta_content_width":100,"neve_meta_title_alignment":"","neve_meta_author_avatar":"","neve_post_elements_order":"","neve_meta_disable_header":"","neve_meta_disable_footer":"","neve_meta_disable_title":"","footnotes":""},"class_list":["post-430","page","type-page","status-publish","hentry"],"_links":{"self":[{"href":"https:\/\/www.kauneushoitolamerenneito.fi\/index.php\/wp-json\/wp\/v2\/pages\/430","targetHints":{"allow":["GET"]}}],"collection":[{"href":"https:\/\/www.kauneushoitolamerenneito.fi\/index.php\/wp-json\/wp\/v2\/pages"}],"about":[{"href":"https:\/\/www.kauneushoitolamerenneito.fi\/index.php\/wp-json\/wp\/v2\/types\/page"}],"author":[{"embeddable":true,"href":"https:\/\/www.kauneushoitolamerenneito.fi\/index.php\/wp-json\/wp\/v2\/users\/1"}],"replies":[{"embeddable":true,"href":"https:\/\/www.kauneushoitolamerenneito.fi\/index.php\/wp-json\/wp\/v2\/comments?post=430"}],"version-history":[{"count":43,"href":"https:\/\/www.kauneushoitolamerenneito.fi\/index.php\/wp-json\/wp\/v2\/pages\/430\/revisions"}],"predecessor-version":[{"id":2653,"href":"https:\/\/www.kauneushoitolamerenneito.fi\/index.php\/wp-json\/wp\/v2\/pages\/430\/revisions\/2653"}],"up":[{"embeddable":true,"href":"https:\/\/www.kauneushoitolamerenneito.fi\/index.php\/wp-json\/wp\/v2\/pages\/26"}],"wp:attachment":[{"href":"https:\/\/www.kauneushoitolamerenneito.fi\/index.php\/wp-json\/wp\/v2\/media?parent=430"}],"curies":[{"name":"wp","href":"https:\/\/api.w.org\/{rel}","templated":true}]}}