{"id":420,"date":"2021-11-22T16:27:19","date_gmt":"2021-11-22T16:27:19","guid":{"rendered":"https:\/\/www.kauneushoitolamerenneito.fi\/?page_id=420"},"modified":"2026-03-09T20:39:46","modified_gmt":"2026-03-09T20:39:46","slug":"laitehoidot","status":"publish","type":"page","link":"https:\/\/www.kauneushoitolamerenneito.fi\/index.php\/palvelut\/laitehoidot\/","title":{"rendered":"Laitehoidot"},"content":{"rendered":"\t\t<div data-elementor-type=\"wp-page\" data-elementor-id=\"420\" class=\"elementor elementor-420\">\n\t\t\t\t\t\t<section class=\"elementor-section elementor-top-section elementor-element elementor-element-8dd40ac elementor-section-boxed elementor-section-height-default elementor-section-height-default\" data-id=\"8dd40ac\" data-element_type=\"section\" data-e-type=\"section\">\n\t\t\t\t\t\t<div class=\"elementor-container elementor-column-gap-default\">\n\t\t\t\t\t<div class=\"elementor-column elementor-col-100 elementor-top-column elementor-element elementor-element-e0fb1c3\" data-id=\"e0fb1c3\" data-element_type=\"column\" data-e-type=\"column\">\n\t\t\t<div class=\"elementor-widget-wrap elementor-element-populated\">\n\t\t\t\t\t\t<div class=\"elementor-element elementor-element-b5f1484 elementor-widget elementor-widget-heading\" data-id=\"b5f1484\" data-element_type=\"widget\" data-e-type=\"widget\" data-widget_type=\"heading.default\">\n\t\t\t\t\t<h2 class=\"elementor-heading-title elementor-size-default\">laitehoidot<\/h2>\t\t\t\t<\/div>\n\t\t\t\t<div class=\"elementor-element elementor-element-a01a95e elementor-widget-divider--view-line elementor-widget elementor-widget-divider\" data-id=\"a01a95e\" data-element_type=\"widget\" data-e-type=\"widget\" data-widget_type=\"divider.default\">\n\t\t\t\t\t\t\t<div class=\"elementor-divider\">\n\t\t\t<span class=\"elementor-divider-separator\">\n\t\t\t\t\t\t<\/span>\n\t\t<\/div>\n\t\t\t\t\t\t<\/div>\n\t\t\t\t\t<\/div>\n\t\t<\/div>\n\t\t\t\t\t<\/div>\n\t\t<\/section>\n\t\t\t\t<section class=\"elementor-section elementor-top-section elementor-element elementor-element-d30bb18 elementor-section-boxed elementor-section-height-default elementor-section-height-default\" data-id=\"d30bb18\" data-element_type=\"section\" data-e-type=\"section\">\n\t\t\t\t\t\t<div class=\"elementor-container elementor-column-gap-default\">\n\t\t\t\t\t<div class=\"elementor-column elementor-col-100 elementor-top-column elementor-element elementor-element-9bacfcb\" data-id=\"9bacfcb\" data-element_type=\"column\" data-e-type=\"column\">\n\t\t\t<div class=\"elementor-widget-wrap elementor-element-populated\">\n\t\t\t\t\t\t<div class=\"elementor-element elementor-element-626ed1d elementor-widget elementor-widget-text-editor\" data-id=\"626ed1d\" data-element_type=\"widget\" data-e-type=\"widget\" data-widget_type=\"text-editor.default\">\n\t\t\t\t\t\t\t\t\t<p><span style=\"font-weight: 400;\"><strong>SONOSCRUB<\/strong> ultra\u00e4\u00e4nihoito on nykyaikainen ja kokonaisvaltainen tapa suorittaa kuorinta ja syv\u00e4lle ulottuva ihon puhdistus j\u00e4lki\u00e4 j\u00e4tt\u00e4m\u00e4tt\u00e4 ja kivutta.<\/span><\/p>\n<p><span style=\"font-weight: 400;\">Hoito irrottaa nopeasti kuolleen ihosolukon ja tekee ihon pinnasta sametinpehme\u00e4n. Syv\u00e4puhdistus liuottaa ja pehmitt\u00e4\u00e4 huokosissa olevaa talia, rasvaa ja muita ep\u00e4puhtauksia kivutta ja j\u00e4lki\u00e4 j\u00e4tt\u00e4m\u00e4tt\u00e4.<\/span><\/p>\n<p><strong>HYDRODERMA<\/strong> on monipuolinen laitehoito, jolla voidaan kiinteytt\u00e4\u00e4 ihoa, imeytt\u00e4\u00e4 tehoaineita ja \/ tai puhdistaa ihoa tehokkaasti alipaineimua hyv\u00e4ksi k\u00e4ytt\u00e4en. Hoito suunnitellaan asiakas kohtaisesti. Hoito sopii kaikille ihotyypeille. T\u00e4m\u00e4n hoidon yhteydess\u00e4 ei suositella kasvoalueiden sokerointia.<span style=\"font-weight: 400;\"><br><\/span><\/p>\n<p><span style=\"font-weight: 400;\"><strong>SONOLIFT<\/strong> hoito pehmitt\u00e4\u00e4 ja silottaa juonteet rypyt kohottaen ja raikastaen kasvonpiirteit\u00e4 monesti yll\u00e4tt\u00e4v\u00e4n nopeasti ja n\u00e4ytt\u00e4v\u00e4sti.<\/span><\/p>\n<p><span style=\"font-weight: 400;\">Ultra\u00e4\u00e4nihoidon ihokudosta kuntouttava lihaskouristuksia laukaiseva vaikutus silottaa mm. otsan, silm\u00e4kulmien, suunpielen ja yl\u00e4huulen juonteita. Hoidon kokonaisvaltainen ihokudosta, aineenvaihduntaa ja solutoimintaa stimuloiva sek\u00e4 kosteustasapainoa normalisoiva vaikutus antaa iholle eritt\u00e4in hyv\u00e4n ennaltaehk\u00e4isev\u00e4n vaikutuksen ihon vanhenemisen merkkej\u00e4 vastaan.<\/span><\/p>\n<p><strong>MIKRONEULAUS- JA MESOTERAPIA- BTB13 Medical Solution<\/strong><\/p>\n<p><span style=\"font-weight: 400;\">Mikroneulaus on ei-kirurginen toimenpide, jolla muodostetaan steriilien neulojen avulla mikrokanavia epidermikseen ja dermikseen. N\u00e4iden mikrokanavien kautta saadaan BTB13-yhdisteen suora vaikutus epidermiksen alapuolella sijaitsevaan dermikseen asti. t\u00e4m\u00e4 tehostaa hoitovaikutuksia moninkertaisesti, sill\u00e4 juuri dermiksess\u00e4 muodostuu ihon kollageeni ja elastiinis\u00e4ikeet.<\/span><\/p>\n<p><span style=\"font-weight: 400;\">Mesoterapiassa imeytet\u00e4\u00e4n BTB13-seerumia mikrokanavien kautta syvemm\u00e4lle ihoon, suoraan epidermiksest\u00e4 dermikseen asti. N\u00e4in ihoon saadaan suoria t\u00e4ytel\u00e4ist\u00e4vi\u00e4 vaikutuksia hyaluronihaposta. Lis\u00e4ksi BTB13 moninkertaistaa oman soluaktivoinnin kautta mikroneulauksen vaikutusta. BTB13 Mikroneulausseerumit tuovat my\u00f6s rakennusaineita ihoon ja mm. kollageenituotantoa aktivoivaa C-vitamiinia.\u2019<\/span><\/p>\n<p><span style=\"font-weight: 400;\">Neulauksessa aiheutuvat mikrovauriot edist\u00e4v\u00e4t my\u00f6s ihon omia paranemismekanismeja. T\u00e4m\u00e4 menettely parantaa ihon tekstuuria, s\u00e4vy\u00e4 ja ulkon\u00e4k\u00f6\u00e4, v\u00e4hent\u00e4\u00e4 arpeutumista ja madaltaa juonteiden syvyytt\u00e4.<\/span><\/p>\n<p><span style=\"font-weight: 400;\">Mikroneulaus on hyv\u00e4 hoitomuoto kaikille, jotka haluavat vaikuttaa ihonsa rakenteeseen, v\u00e4riin ja kimmoisuuteen.<\/span><\/p>\n<p><span style=\"font-weight: 400;\">Ihoa suojataan ensisijaisesti BTB13 Medical Anti-Redness Cream- hoitovoiteella hoidon j\u00e4lkeen. Aurinkoa, urheilua, saunaa ja hikoilua tulee v\u00e4ltt\u00e4\u00e4 hoitop\u00e4iv\u00e4n\u00e4. Meikin k\u00e4ytt\u00f6\u00e4 ei suositella samana p\u00e4iv\u00e4n\u00e4.<\/span><\/p>\n<p><span style=\"font-weight: 400;\">Ihoon voi tulla kevytt\u00e4 turvotusta ja iho voi olla punoittava ja kirjava noin vuorokauden ajan k\u00e4sittelyn j\u00e4lkeen.<\/span><\/p>\n<p><br><\/p>\t\t\t\t\t\t\t\t<\/div>\n\t\t\t\t\t<\/div>\n\t\t<\/div>\n\t\t\t\t\t<\/div>\n\t\t<\/section>\n\t\t\t\t<section class=\"elementor-section elementor-top-section elementor-element elementor-element-e57454a elementor-section-boxed elementor-section-height-default elementor-section-height-default\" data-id=\"e57454a\" data-element_type=\"section\" data-e-type=\"section\">\n\t\t\t\t\t\t<div class=\"elementor-container elementor-column-gap-default\">\n\t\t\t\t\t<div class=\"elementor-column elementor-col-100 elementor-top-column elementor-element elementor-element-9e87e8f\" data-id=\"9e87e8f\" data-element_type=\"column\" data-e-type=\"column\">\n\t\t\t<div class=\"elementor-widget-wrap elementor-element-populated\">\n\t\t\t\t\t\t<div class=\"elementor-element elementor-element-6d5b777 elementor-align-center elementor-widget elementor-widget-button\" data-id=\"6d5b777\" data-element_type=\"widget\" data-e-type=\"widget\" data-widget_type=\"button.default\">\n\t\t\t\t\t\t\t\t\t\t<a class=\"elementor-button elementor-button-link elementor-size-xl\" href=\"https:\/\/www.kauneushoitolamerenneito.fi\/index.php\/ajanvaraus\/\">\n\t\t\t\t\t\t<span class=\"elementor-button-content-wrapper\">\n\t\t\t\t\t\t<span class=\"elementor-button-icon\">\n\t\t\t\t<svg aria-hidden=\"true\" class=\"e-font-icon-svg e-far-calendar-check\" viewBox=\"0 0 448 512\" xmlns=\"http:\/\/www.w3.org\/2000\/svg\"><path d=\"M400 64h-48V12c0-6.627-5.373-12-12-12h-40c-6.627 0-12 5.373-12 12v52H160V12c0-6.627-5.373-12-12-12h-40c-6.627 0-12 5.373-12 12v52H48C21.49 64 0 85.49 0 112v352c0 26.51 21.49 48 48 48h352c26.51 0 48-21.49 48-48V112c0-26.51-21.49-48-48-48zm-6 400H54a6 6 0 0 1-6-6V160h352v298a6 6 0 0 1-6 6zm-52.849-200.65L198.842 404.519c-4.705 4.667-12.303 4.637-16.971-.068l-75.091-75.699c-4.667-4.705-4.637-12.303.068-16.971l22.719-22.536c4.705-4.667 12.303-4.637 16.97.069l44.104 44.461 111.072-110.181c4.705-4.667 12.303-4.637 16.971.068l22.536 22.718c4.667 4.705 4.636 12.303-.069 16.97z\"><\/path><\/svg>\t\t\t<\/span>\n\t\t\t\t\t\t\t\t\t<span class=\"elementor-button-text\">varaa oma aikasi<\/span>\n\t\t\t\t\t<\/span>\n\t\t\t\t\t<\/a>\n\t\t\t\t\t\t\t\t<\/div>\n\t\t\t\t\t<\/div>\n\t\t<\/div>\n\t\t\t\t\t<\/div>\n\t\t<\/section>\n\t\t\t\t<\/div>\n\t\t","protected":false},"excerpt":{"rendered":"<p>laitehoidot SONOSCRUB ultra\u00e4\u00e4nihoito on nykyaikainen ja kokonaisvaltainen tapa suorittaa kuorinta ja syv\u00e4lle ulottuva ihon puhdistus j\u00e4lki\u00e4 j\u00e4tt\u00e4m\u00e4tt\u00e4 ja kivutta. Hoito irrottaa nopeasti kuolleen ihosolukon ja tekee ihon pinnasta sametinpehme\u00e4n. Syv\u00e4puhdistus liuottaa ja pehmitt\u00e4\u00e4 huokosissa olevaa talia, rasvaa ja muita ep\u00e4puhtauksia kivutta ja j\u00e4lki\u00e4 j\u00e4tt\u00e4m\u00e4tt\u00e4. HYDRODERMA on monipuolinen laitehoito, jolla voidaan kiinteytt\u00e4\u00e4 ihoa, imeytt\u00e4\u00e4 tehoaineita ja&hellip;&nbsp;<a href=\"https:\/\/www.kauneushoitolamerenneito.fi\/index.php\/palvelut\/laitehoidot\/\" rel=\"bookmark\">Lue lis\u00e4\u00e4 &raquo;<span class=\"screen-reader-text\">Laitehoidot<\/span><\/a><\/p>\n","protected":false},"author":1,"featured_media":0,"parent":26,"menu_order":0,"comment_status":"closed","ping_status":"closed","template":"page-templates\/template-pagebuilder-full-width.php","meta":{"neve_meta_sidebar":"full-width","neve_meta_container":"","neve_meta_enable_content_width":"on","neve_meta_content_width":100,"neve_meta_title_alignment":"","neve_meta_author_avatar":"","neve_post_elements_order":"","neve_meta_disable_header":"","neve_meta_disable_footer":"","neve_meta_disable_title":"","footnotes":""},"class_list":["post-420","page","type-page","status-publish","hentry"],"_links":{"self":[{"href":"https:\/\/www.kauneushoitolamerenneito.fi\/index.php\/wp-json\/wp\/v2\/pages\/420","targetHints":{"allow":["GET"]}}],"collection":[{"href":"https:\/\/www.kauneushoitolamerenneito.fi\/index.php\/wp-json\/wp\/v2\/pages"}],"about":[{"href":"https:\/\/www.kauneushoitolamerenneito.fi\/index.php\/wp-json\/wp\/v2\/types\/page"}],"author":[{"embeddable":true,"href":"https:\/\/www.kauneushoitolamerenneito.fi\/index.php\/wp-json\/wp\/v2\/users\/1"}],"replies":[{"embeddable":true,"href":"https:\/\/www.kauneushoitolamerenneito.fi\/index.php\/wp-json\/wp\/v2\/comments?post=420"}],"version-history":[{"count":28,"href":"https:\/\/www.kauneushoitolamerenneito.fi\/index.php\/wp-json\/wp\/v2\/pages\/420\/revisions"}],"predecessor-version":[{"id":2735,"href":"https:\/\/www.kauneushoitolamerenneito.fi\/index.php\/wp-json\/wp\/v2\/pages\/420\/revisions\/2735"}],"up":[{"embeddable":true,"href":"https:\/\/www.kauneushoitolamerenneito.fi\/index.php\/wp-json\/wp\/v2\/pages\/26"}],"wp:attachment":[{"href":"https:\/\/www.kauneushoitolamerenneito.fi\/index.php\/wp-json\/wp\/v2\/media?parent=420"}],"curies":[{"name":"wp","href":"https:\/\/api.w.org\/{rel}","templated":true}]}}