{"id":32,"date":"2021-07-29T06:11:04","date_gmt":"2021-07-29T06:11:04","guid":{"rendered":"https:\/\/www.kauneushoitolamerenneito.fi\/?page_id=32"},"modified":"2024-12-06T21:44:38","modified_gmt":"2024-12-06T21:44:38","slug":"yhteystiedot","status":"publish","type":"page","link":"https:\/\/www.kauneushoitolamerenneito.fi\/index.php\/yhteystiedot\/","title":{"rendered":"Yhteystiedot"},"content":{"rendered":"\t\t<div data-elementor-type=\"wp-page\" data-elementor-id=\"32\" class=\"elementor elementor-32\">\n\t\t\t\t\t\t<section class=\"elementor-section elementor-top-section elementor-element elementor-element-b4e5944 elementor-section-boxed elementor-section-height-default elementor-section-height-default\" data-id=\"b4e5944\" data-element_type=\"section\" data-e-type=\"section\">\n\t\t\t\t\t\t<div class=\"elementor-container elementor-column-gap-default\">\n\t\t\t\t\t<div class=\"elementor-column elementor-col-100 elementor-top-column elementor-element elementor-element-56104ef\" data-id=\"56104ef\" data-element_type=\"column\" data-e-type=\"column\">\n\t\t\t<div class=\"elementor-widget-wrap elementor-element-populated\">\n\t\t\t\t\t\t<div class=\"elementor-element elementor-element-4bb6aa4 elementor-widget elementor-widget-heading\" data-id=\"4bb6aa4\" data-element_type=\"widget\" data-e-type=\"widget\" data-widget_type=\"heading.default\">\n\t\t\t\t\t<h2 class=\"elementor-heading-title elementor-size-default\">Yhteystiedot<\/h2>\t\t\t\t<\/div>\n\t\t\t\t<div class=\"elementor-element elementor-element-fc4fd71 elementor-widget-divider--view-line elementor-widget elementor-widget-divider\" data-id=\"fc4fd71\" data-element_type=\"widget\" data-e-type=\"widget\" data-widget_type=\"divider.default\">\n\t\t\t\t\t\t\t<div class=\"elementor-divider\">\n\t\t\t<span class=\"elementor-divider-separator\">\n\t\t\t\t\t\t<\/span>\n\t\t<\/div>\n\t\t\t\t\t\t<\/div>\n\t\t\t\t\t<\/div>\n\t\t<\/div>\n\t\t\t\t\t<\/div>\n\t\t<\/section>\n\t\t\t\t<section class=\"elementor-section elementor-top-section elementor-element elementor-element-b23e591 elementor-section-boxed elementor-section-height-default elementor-section-height-default\" data-id=\"b23e591\" data-element_type=\"section\" data-e-type=\"section\">\n\t\t\t\t\t\t<div class=\"elementor-container elementor-column-gap-default\">\n\t\t\t\t\t<div class=\"elementor-column elementor-col-50 elementor-top-column elementor-element elementor-element-fb8e8ba\" data-id=\"fb8e8ba\" data-element_type=\"column\" data-e-type=\"column\">\n\t\t\t<div class=\"elementor-widget-wrap elementor-element-populated\">\n\t\t\t\t\t\t<div class=\"elementor-element elementor-element-ea27261 elementor-widget elementor-widget-text-editor\" data-id=\"ea27261\" data-element_type=\"widget\" data-e-type=\"widget\" data-widget_type=\"text-editor.default\">\n\t\t\t\t\t\t\t\t\t<p><strong>K\u00e4yntiosoite<\/strong><br \/>Espoonlahdenkatu 3<br \/>02320 Espoo<\/p><p><strong>Puhelin<\/strong><br \/>0400 368 908<\/p><p><strong>S\u00e4hk\u00f6posti<br \/><\/strong>info@kauneushoitolamerenneito.fi<\/p><p>(Kiireellisiss\u00e4 asioissa olethan yhteydess\u00e4 puhelimitse, vastaamme s\u00e4hk\u00f6postiin noin 1-2 kertaa viikossa)<\/p><p><strong>Ajanvaraukset puhelimitse<\/strong><br \/>Kosmetologit 0400 368 908<br \/>Ripsiteknikko 050 491 1828<\/p>\t\t\t\t\t\t\t\t<\/div>\n\t\t\t\t\t<\/div>\n\t\t<\/div>\n\t\t\t\t<div class=\"elementor-column elementor-col-50 elementor-top-column elementor-element elementor-element-1a005ca\" data-id=\"1a005ca\" data-element_type=\"column\" data-e-type=\"column\">\n\t\t\t<div class=\"elementor-widget-wrap elementor-element-populated\">\n\t\t\t\t\t\t<div class=\"elementor-element elementor-element-6d026b3 elementor-widget elementor-widget-google_maps\" data-id=\"6d026b3\" data-element_type=\"widget\" data-e-type=\"widget\" data-widget_type=\"google_maps.default\">\n\t\t\t\t\t\t\t<div class=\"elementor-custom-embed\">\n\t\t\t<iframe loading=\"lazy\"\n\t\t\t\t\tsrc=\"https:\/\/maps.google.com\/maps?q=Espoonlahdenkatu%203&#038;t=m&#038;z=15&#038;output=embed&#038;iwloc=near\"\n\t\t\t\t\ttitle=\"Espoonlahdenkatu 3\"\n\t\t\t\t\taria-label=\"Espoonlahdenkatu 3\"\n\t\t\t><\/iframe>\n\t\t<\/div>\n\t\t\t\t\t\t<\/div>\n\t\t\t\t\t<\/div>\n\t\t<\/div>\n\t\t\t\t\t<\/div>\n\t\t<\/section>\n\t\t\t\t<section class=\"elementor-section elementor-top-section elementor-element elementor-element-b7f1e42 elementor-section-boxed elementor-section-height-default elementor-section-height-default\" data-id=\"b7f1e42\" data-element_type=\"section\" data-e-type=\"section\">\n\t\t\t\t\t\t<div class=\"elementor-container elementor-column-gap-default\">\n\t\t\t\t\t<div class=\"elementor-column elementor-col-100 elementor-top-column elementor-element elementor-element-8e0ce4c\" data-id=\"8e0ce4c\" data-element_type=\"column\" data-e-type=\"column\">\n\t\t\t<div class=\"elementor-widget-wrap elementor-element-populated\">\n\t\t\t\t\t\t<div class=\"elementor-element elementor-element-7532d49 elementor-widget elementor-widget-text-editor\" data-id=\"7532d49\" data-element_type=\"widget\" data-e-type=\"widget\" data-widget_type=\"text-editor.default\">\n\t\t\t\t\t\t\t\t\t<p><strong>SAAPUMINEN<\/strong><\/p><p>Hoitolamme sijaitsee vastap\u00e4\u00e4t\u00e4 uutta Lippulaivaa. Auton saat helposti Lippulaivan parkkihalliin, jossa on 2h ilmainen parkkeeraus.<\/p><p><b>ESTEETT\u00d6MYYS<\/b><\/p><p>Sis\u00e4\u00e4nk\u00e4ynti hoitolaamme tapahtuu portaita pitkin, joten saapuminen meille ei valitettavasti ole esteet\u00f6n.<\/p>\t\t\t\t\t\t\t\t<\/div>\n\t\t\t\t\t<\/div>\n\t\t<\/div>\n\t\t\t\t\t<\/div>\n\t\t<\/section>\n\t\t\t\t<section class=\"elementor-section elementor-top-section elementor-element elementor-element-00c4126 elementor-section-boxed elementor-section-height-default elementor-section-height-default\" data-id=\"00c4126\" data-element_type=\"section\" data-e-type=\"section\">\n\t\t\t\t\t\t<div class=\"elementor-container elementor-column-gap-default\">\n\t\t\t\t\t<div class=\"elementor-column elementor-col-100 elementor-top-column elementor-element elementor-element-7658eed\" data-id=\"7658eed\" data-element_type=\"column\" data-e-type=\"column\">\n\t\t\t<div class=\"elementor-widget-wrap elementor-element-populated\">\n\t\t\t\t\t\t<div class=\"elementor-element elementor-element-75167a0 elementor-widget elementor-widget-spacer\" data-id=\"75167a0\" data-element_type=\"widget\" data-e-type=\"widget\" data-widget_type=\"spacer.default\">\n\t\t\t\t\t\t\t<div class=\"elementor-spacer\">\n\t\t\t<div class=\"elementor-spacer-inner\"><\/div>\n\t\t<\/div>\n\t\t\t\t\t\t<\/div>\n\t\t\t\t\t<\/div>\n\t\t<\/div>\n\t\t\t\t\t<\/div>\n\t\t<\/section>\n\t\t\t\t<\/div>\n\t\t","protected":false},"excerpt":{"rendered":"<p>Yhteystiedot K\u00e4yntiosoiteEspoonlahdenkatu 302320 Espoo Puhelin0400 368 908 S\u00e4hk\u00f6postiinfo@kauneushoitolamerenneito.fi (Kiireellisiss\u00e4 asioissa olethan yhteydess\u00e4 puhelimitse, vastaamme s\u00e4hk\u00f6postiin noin 1-2 kertaa viikossa) Ajanvaraukset puhelimitseKosmetologit 0400 368 908Ripsiteknikko 050 491 1828 SAAPUMINEN Hoitolamme sijaitsee vastap\u00e4\u00e4t\u00e4 uutta Lippulaivaa. Auton saat helposti Lippulaivan parkkihalliin, jossa on 2h ilmainen parkkeeraus. ESTEETT\u00d6MYYS Sis\u00e4\u00e4nk\u00e4ynti hoitolaamme tapahtuu portaita pitkin, joten saapuminen meille ei valitettavasti ole&hellip;&nbsp;<a href=\"https:\/\/www.kauneushoitolamerenneito.fi\/index.php\/yhteystiedot\/\" rel=\"bookmark\">Lue lis\u00e4\u00e4 &raquo;<span class=\"screen-reader-text\">Yhteystiedot<\/span><\/a><\/p>\n","protected":false},"author":1,"featured_media":0,"parent":0,"menu_order":0,"comment_status":"closed","ping_status":"closed","template":"page-templates\/template-pagebuilder-full-width.php","meta":{"neve_meta_sidebar":"","neve_meta_container":"","neve_meta_enable_content_width":"","neve_meta_content_width":0,"neve_meta_title_alignment":"","neve_meta_author_avatar":"","neve_post_elements_order":"","neve_meta_disable_header":"","neve_meta_disable_footer":"","neve_meta_disable_title":"","footnotes":""},"class_list":["post-32","page","type-page","status-publish","hentry"],"_links":{"self":[{"href":"https:\/\/www.kauneushoitolamerenneito.fi\/index.php\/wp-json\/wp\/v2\/pages\/32","targetHints":{"allow":["GET"]}}],"collection":[{"href":"https:\/\/www.kauneushoitolamerenneito.fi\/index.php\/wp-json\/wp\/v2\/pages"}],"about":[{"href":"https:\/\/www.kauneushoitolamerenneito.fi\/index.php\/wp-json\/wp\/v2\/types\/page"}],"author":[{"embeddable":true,"href":"https:\/\/www.kauneushoitolamerenneito.fi\/index.php\/wp-json\/wp\/v2\/users\/1"}],"replies":[{"embeddable":true,"href":"https:\/\/www.kauneushoitolamerenneito.fi\/index.php\/wp-json\/wp\/v2\/comments?post=32"}],"version-history":[{"count":64,"href":"https:\/\/www.kauneushoitolamerenneito.fi\/index.php\/wp-json\/wp\/v2\/pages\/32\/revisions"}],"predecessor-version":[{"id":2077,"href":"https:\/\/www.kauneushoitolamerenneito.fi\/index.php\/wp-json\/wp\/v2\/pages\/32\/revisions\/2077"}],"wp:attachment":[{"href":"https:\/\/www.kauneushoitolamerenneito.fi\/index.php\/wp-json\/wp\/v2\/media?parent=32"}],"curies":[{"name":"wp","href":"https:\/\/api.w.org\/{rel}","templated":true}]}}