{"id":1116,"date":"2023-07-01T07:34:56","date_gmt":"2023-07-01T07:34:56","guid":{"rendered":"https:\/\/www.kauneushoitolamerenneito.fi\/?page_id=1116"},"modified":"2023-07-01T07:37:09","modified_gmt":"2023-07-01T07:37:09","slug":"ripsienpidennykset","status":"publish","type":"page","link":"https:\/\/www.kauneushoitolamerenneito.fi\/index.php\/palvelut\/ripsienpidennykset\/","title":{"rendered":"Ripsienpidennykset"},"content":{"rendered":"\t\t<div data-elementor-type=\"wp-page\" data-elementor-id=\"1116\" class=\"elementor elementor-1116\">\n\t\t\t\t\t\t<section class=\"elementor-section elementor-top-section elementor-element elementor-element-fc93447 elementor-section-boxed elementor-section-height-default elementor-section-height-default\" data-id=\"fc93447\" data-element_type=\"section\" data-e-type=\"section\">\n\t\t\t\t\t\t<div class=\"elementor-container elementor-column-gap-default\">\n\t\t\t\t\t<div class=\"elementor-column elementor-col-100 elementor-top-column elementor-element elementor-element-eef5fea\" data-id=\"eef5fea\" data-element_type=\"column\" data-e-type=\"column\">\n\t\t\t<div class=\"elementor-widget-wrap elementor-element-populated\">\n\t\t\t\t\t\t<div class=\"elementor-element elementor-element-5bbdd3e elementor-widget elementor-widget-heading\" data-id=\"5bbdd3e\" data-element_type=\"widget\" data-e-type=\"widget\" data-widget_type=\"heading.default\">\n\t\t\t\t\t<h2 class=\"elementor-heading-title elementor-size-default\">Ripsienpidennykset<\/h2>\t\t\t\t<\/div>\n\t\t\t\t<div class=\"elementor-element elementor-element-a7a1ac2 elementor-widget-divider--view-line elementor-widget elementor-widget-divider\" data-id=\"a7a1ac2\" data-element_type=\"widget\" data-e-type=\"widget\" data-widget_type=\"divider.default\">\n\t\t\t\t\t\t\t<div class=\"elementor-divider\">\n\t\t\t<span class=\"elementor-divider-separator\">\n\t\t\t\t\t\t<\/span>\n\t\t<\/div>\n\t\t\t\t\t\t<\/div>\n\t\t\t\t\t<\/div>\n\t\t<\/div>\n\t\t\t\t\t<\/div>\n\t\t<\/section>\n\t\t\t\t<section class=\"elementor-section elementor-top-section elementor-element elementor-element-9113f6d elementor-section-boxed elementor-section-height-default elementor-section-height-default\" data-id=\"9113f6d\" data-element_type=\"section\" data-e-type=\"section\">\n\t\t\t\t\t\t<div class=\"elementor-container elementor-column-gap-default\">\n\t\t\t\t\t<div class=\"elementor-column elementor-col-100 elementor-top-column elementor-element elementor-element-13ebce7\" data-id=\"13ebce7\" data-element_type=\"column\" data-e-type=\"column\">\n\t\t\t<div class=\"elementor-widget-wrap elementor-element-populated\">\n\t\t\t\t\t\t<div class=\"elementor-element elementor-element-ba474e2 elementor-widget elementor-widget-text-editor\" data-id=\"ba474e2\" data-element_type=\"widget\" data-e-type=\"widget\" data-widget_type=\"text-editor.default\">\n\t\t\t\t\t\t\t\t\t<p><span style=\"font-weight: 400;\">Ripsienpidennys voidaan tehd\u00e4 joko klassisilla- tai volumekuiduilla. Klassisissa ripsiss\u00e4 yhteen omaan ripseen laitetaan yksi ripsikuitu. Klassinen kuitu on paksumpi kuin yksitt\u00e4inen volumekuitu. Volumekuiduista rakennetaan viuhka, joka liimataan yhteen omaan ripseen. <\/span><span style=\"color: var( --e-global-color-text ); font-family: var( --e-global-typography-text-font-family ), Sans-serif; background-color: var(--nv-site-bg);\">Hybridiripsist\u00e4 puhutaan, kun k\u00e4ytet\u00e4\u00e4n klassisia- ja volume kuituja ripsien rakentamiseen.<\/span><\/p><p><span style=\"font-weight: 400;\">Klassisilla ripsill\u00e4 saadaan luonnollisempi lopputulos ja volumeripsill\u00e4 saadaan huomattavasti n\u00e4ytt\u00e4v\u00e4mpi lopputulos.<\/span><\/p><p><span style=\"font-weight: 400;\">ENNEN ripsienlaittoa&#8230; \u00c4L\u00c4 kastele ripsi\u00e4 noin kahteen (2) tuntiin. T\u00e4m\u00e4n vuoksi tule ilman silm\u00e4meikki\u00e4. Pysyvyys on parempi, kun ripset voidaan kiinnitt\u00e4\u00e4 kuivaan ripseen.<\/span><\/p><p><span style=\"font-weight: 400;\">RIPSIKUIDUT ovat synteettisesti tuotettua kuitua. Kuitu on oman ripsen jatke. Jatke ei l\u00e4hde koskaan suoraan luomesta vaan luomen ja jatkeen v\u00e4liin j\u00e4\u00e4 AINA pieni rako omaa ripse\u00e4, koska liima ei saa olla kosketuksissa ihon kanssa. T\u00e4m\u00e4n vuoksi ripsienpidennykset ovat melko tunnottomat.\u00a0<\/span><\/p><p><span style=\"font-weight: 400;\">K\u00e4ytett\u00e4vien ripsikuitujen pituus ja paksuus valitaan asiakkaan toiveiden ja viimek\u00e4dess\u00e4 asiakkaan oman ripsen kantokyvyn mukaan. Oikein asennetut ja valitut kuidut eiv\u00e4t vahingoita omia ripsi\u00e4 pysyv\u00e4sti.\u00a0<\/span><\/p><p><span style=\"font-weight: 400;\">RIPSIHUOLTO olisi hyv\u00e4 tehd\u00e4 3\u20135 viikon v\u00e4lein. Oman ripsen elinkaari on noin 60\u201390 p\u00e4iv\u00e4\u00e4. Kuitujatke tuo painoa omalle ripselle, joten on ihan luonnollista, ett\u00e4 ripsi irtoa ennekuin tulee tiens\u00e4 p\u00e4\u00e4h\u00e4n. Huoltoon on hyv\u00e4 tulla ajoissa, jotta kyseess\u00e4 on huolto eik\u00e4 uudet pidennykset.\u00a0<\/span><\/p><p><span style=\"font-weight: 400;\">Ripsienpidennykset ovat \u201dkoristeet\u201d, joten kohtele niit\u00e4 hell\u00e4varaisesti. Ripsien hankaaminen ja nyppiminen on syyt\u00e4 unohtaa. T\u00e4m\u00e4 johtaa ennenaikaiseen tippumiseen. Pid\u00e4 ripset puhtaina, puhdistukseen tarkoitetulla tuotteella. Puhdistusvaahdossa on paras koostumus. Pesuaine ei saa sis\u00e4lt\u00e4\u00e4 \u00f6ljyj\u00e4, koska \u00f6ljy heikent\u00e4\u00e4 liimaa. Harjauksella saadaan ripset kauniisti auki, mutta se on my\u00f6s t\u00e4rke\u00e4\u00e4 puhtauden kannalta. Laiton j\u00e4lkeen 24 tuntia pit\u00e4\u00e4 v\u00e4ltt\u00e4\u00e4 pesua ja 48 tuntia saunaa ja uimista. Kastumisen\/pesun j\u00e4lkeen ripset painellaan kuivaksi kevyesti ja j\u00e4tet\u00e4\u00e4n kuivumaan itsest\u00e4\u00e4n. Harjaa ripset vasta kuivina<\/span><\/p>\t\t\t\t\t\t\t\t<\/div>\n\t\t\t\t\t<\/div>\n\t\t<\/div>\n\t\t\t\t\t<\/div>\n\t\t<\/section>\n\t\t\t\t<section class=\"elementor-section elementor-top-section elementor-element elementor-element-f5ebb41 elementor-section-boxed elementor-section-height-default elementor-section-height-default\" data-id=\"f5ebb41\" data-element_type=\"section\" data-e-type=\"section\">\n\t\t\t\t\t\t<div class=\"elementor-container elementor-column-gap-default\">\n\t\t\t\t\t<div class=\"elementor-column elementor-col-100 elementor-top-column elementor-element elementor-element-a033853\" data-id=\"a033853\" data-element_type=\"column\" data-e-type=\"column\">\n\t\t\t<div class=\"elementor-widget-wrap elementor-element-populated\">\n\t\t\t\t\t\t<div class=\"elementor-element elementor-element-6ce6d51 elementor-align-center elementor-widget elementor-widget-button\" data-id=\"6ce6d51\" data-element_type=\"widget\" data-e-type=\"widget\" data-widget_type=\"button.default\">\n\t\t\t\t\t\t\t\t\t\t<a class=\"elementor-button elementor-button-link elementor-size-xl\" href=\"https:\/\/www.kauneushoitolamerenneito.fi\/index.php\/ajanvaraus\/\">\n\t\t\t\t\t\t<span class=\"elementor-button-content-wrapper\">\n\t\t\t\t\t\t<span class=\"elementor-button-icon\">\n\t\t\t\t<svg aria-hidden=\"true\" class=\"e-font-icon-svg e-far-calendar-check\" viewBox=\"0 0 448 512\" xmlns=\"http:\/\/www.w3.org\/2000\/svg\"><path d=\"M400 64h-48V12c0-6.627-5.373-12-12-12h-40c-6.627 0-12 5.373-12 12v52H160V12c0-6.627-5.373-12-12-12h-40c-6.627 0-12 5.373-12 12v52H48C21.49 64 0 85.49 0 112v352c0 26.51 21.49 48 48 48h352c26.51 0 48-21.49 48-48V112c0-26.51-21.49-48-48-48zm-6 400H54a6 6 0 0 1-6-6V160h352v298a6 6 0 0 1-6 6zm-52.849-200.65L198.842 404.519c-4.705 4.667-12.303 4.637-16.971-.068l-75.091-75.699c-4.667-4.705-4.637-12.303.068-16.971l22.719-22.536c4.705-4.667 12.303-4.637 16.97.069l44.104 44.461 111.072-110.181c4.705-4.667 12.303-4.637 16.971.068l22.536 22.718c4.667 4.705 4.636 12.303-.069 16.97z\"><\/path><\/svg>\t\t\t<\/span>\n\t\t\t\t\t\t\t\t\t<span class=\"elementor-button-text\">varaa oma aikasi<\/span>\n\t\t\t\t\t<\/span>\n\t\t\t\t\t<\/a>\n\t\t\t\t\t\t\t\t<\/div>\n\t\t\t\t\t<\/div>\n\t\t<\/div>\n\t\t\t\t\t<\/div>\n\t\t<\/section>\n\t\t\t\t<\/div>\n\t\t","protected":false},"excerpt":{"rendered":"<p>Ripsienpidennykset Ripsienpidennys voidaan tehd\u00e4 joko klassisilla- tai volumekuiduilla. Klassisissa ripsiss\u00e4 yhteen omaan ripseen laitetaan yksi ripsikuitu. Klassinen kuitu on paksumpi kuin yksitt\u00e4inen volumekuitu. Volumekuiduista rakennetaan viuhka, joka liimataan yhteen omaan ripseen. Hybridiripsist\u00e4 puhutaan, kun k\u00e4ytet\u00e4\u00e4n klassisia- ja volume kuituja ripsien rakentamiseen. Klassisilla ripsill\u00e4 saadaan luonnollisempi lopputulos ja volumeripsill\u00e4 saadaan huomattavasti n\u00e4ytt\u00e4v\u00e4mpi lopputulos. ENNEN ripsienlaittoa&#8230; \u00c4L\u00c4&hellip;&nbsp;<a href=\"https:\/\/www.kauneushoitolamerenneito.fi\/index.php\/palvelut\/ripsienpidennykset\/\" rel=\"bookmark\">Lue lis\u00e4\u00e4 &raquo;<span class=\"screen-reader-text\">Ripsienpidennykset<\/span><\/a><\/p>\n","protected":false},"author":1,"featured_media":0,"parent":26,"menu_order":0,"comment_status":"closed","ping_status":"closed","template":"page-templates\/template-pagebuilder-full-width.php","meta":{"neve_meta_sidebar":"","neve_meta_container":"","neve_meta_enable_content_width":"","neve_meta_content_width":0,"neve_meta_title_alignment":"","neve_meta_author_avatar":"","neve_post_elements_order":"","neve_meta_disable_header":"","neve_meta_disable_footer":"","neve_meta_disable_title":"","footnotes":""},"class_list":["post-1116","page","type-page","status-publish","hentry"],"_links":{"self":[{"href":"https:\/\/www.kauneushoitolamerenneito.fi\/index.php\/wp-json\/wp\/v2\/pages\/1116","targetHints":{"allow":["GET"]}}],"collection":[{"href":"https:\/\/www.kauneushoitolamerenneito.fi\/index.php\/wp-json\/wp\/v2\/pages"}],"about":[{"href":"https:\/\/www.kauneushoitolamerenneito.fi\/index.php\/wp-json\/wp\/v2\/types\/page"}],"author":[{"embeddable":true,"href":"https:\/\/www.kauneushoitolamerenneito.fi\/index.php\/wp-json\/wp\/v2\/users\/1"}],"replies":[{"embeddable":true,"href":"https:\/\/www.kauneushoitolamerenneito.fi\/index.php\/wp-json\/wp\/v2\/comments?post=1116"}],"version-history":[{"count":10,"href":"https:\/\/www.kauneushoitolamerenneito.fi\/index.php\/wp-json\/wp\/v2\/pages\/1116\/revisions"}],"predecessor-version":[{"id":1126,"href":"https:\/\/www.kauneushoitolamerenneito.fi\/index.php\/wp-json\/wp\/v2\/pages\/1116\/revisions\/1126"}],"up":[{"embeddable":true,"href":"https:\/\/www.kauneushoitolamerenneito.fi\/index.php\/wp-json\/wp\/v2\/pages\/26"}],"wp:attachment":[{"href":"https:\/\/www.kauneushoitolamerenneito.fi\/index.php\/wp-json\/wp\/v2\/media?parent=1116"}],"curies":[{"name":"wp","href":"https:\/\/api.w.org\/{rel}","templated":true}]}}